{"id":129,"date":"2018-08-27T12:16:33","date_gmt":"2018-08-27T12:16:33","guid":{"rendered":"https:\/\/acfsofom.mx\/index.php\/services\/"},"modified":"2022-06-17T20:24:40","modified_gmt":"2022-06-17T20:24:40","slug":"services","status":"publish","type":"page","link":"https:\/\/acfsofom.mx\/index.php\/services\/","title":{"rendered":"Services"},"content":{"rendered":"\t\t<div data-elementor-type=\"wp-post\" data-elementor-id=\"129\" class=\"elementor elementor-129\">\n\t\t\t\t\t\t\t\t\t<section class=\"elementor-section elementor-top-section elementor-element elementor-element-226bc03 elementor-section-content-middle elementor-section-boxed elementor-section-height-default elementor-section-height-default\" data-id=\"226bc03\" data-element_type=\"section\" data-settings=\"{&quot;background_background&quot;:&quot;classic&quot;}\">\n\t\t\t\t\t\t\t<div class=\"elementor-background-overlay\"><\/div>\n\t\t\t\t\t\t\t<div class=\"elementor-container elementor-column-gap-no\">\n\t\t\t\t\t<div class=\"elementor-column elementor-col-100 elementor-top-column elementor-element elementor-element-50d1d5b\" data-id=\"50d1d5b\" data-element_type=\"column\">\n\t\t\t<div class=\"elementor-widget-wrap elementor-element-populated\">\n\t\t\t\t\t\t\t\t<div class=\"elementor-element elementor-element-256d48a elementor-widget elementor-widget-heading\" data-id=\"256d48a\" data-element_type=\"widget\" data-widget_type=\"heading.default\">\n\t\t\t\t<div class=\"elementor-widget-container\">\n\t\t\t<style>\/*! elementor - v3.11.1 - 15-02-2023 *\/\n.elementor-heading-title{padding:0;margin:0;line-height:1}.elementor-widget-heading .elementor-heading-title[class*=elementor-size-]>a{color:inherit;font-size:inherit;line-height:inherit}.elementor-widget-heading .elementor-heading-title.elementor-size-small{font-size:15px}.elementor-widget-heading .elementor-heading-title.elementor-size-medium{font-size:19px}.elementor-widget-heading .elementor-heading-title.elementor-size-large{font-size:29px}.elementor-widget-heading .elementor-heading-title.elementor-size-xl{font-size:39px}.elementor-widget-heading .elementor-heading-title.elementor-size-xxl{font-size:59px}<\/style><h6 class=\"elementor-heading-title elementor-size-default\">Tenemos la soluci\u00f3n financiera para ti.<\/h6>\t\t<\/div>\n\t\t\t\t<\/div>\n\t\t\t\t<div class=\"elementor-element elementor-element-8c0d8b6 elementor-widget elementor-widget-heading\" data-id=\"8c0d8b6\" data-element_type=\"widget\" data-widget_type=\"heading.default\">\n\t\t\t\t<div class=\"elementor-widget-container\">\n\t\t\t<h1 class=\"elementor-heading-title elementor-size-default\">SERVICIOS<\/h1>\t\t<\/div>\n\t\t\t\t<\/div>\n\t\t\t\t\t<\/div>\n\t\t<\/div>\n\t\t\t\t\t\t\t<\/div>\n\t\t<\/section>\n\t\t\t\t<section class=\"elementor-section elementor-top-section elementor-element elementor-element-7560303 elementor-section-content-middle elementor-section-boxed elementor-section-height-default elementor-section-height-default\" data-id=\"7560303\" data-element_type=\"section\">\n\t\t\t\t\t\t<div class=\"elementor-container elementor-column-gap-no\">\n\t\t\t\t\t<div class=\"elementor-column elementor-col-50 elementor-top-column elementor-element elementor-element-63fa1a4\" data-id=\"63fa1a4\" data-element_type=\"column\">\n\t\t\t<div class=\"elementor-widget-wrap elementor-element-populated\">\n\t\t\t\t\t\t\t\t<div class=\"elementor-element elementor-element-daa61d5 elementor-widget elementor-widget-heading\" data-id=\"daa61d5\" data-element_type=\"widget\" data-widget_type=\"heading.default\">\n\t\t\t\t<div class=\"elementor-widget-container\">\n\t\t\t<h3 class=\"elementor-heading-title elementor-size-default\">PR\u00d3XIMAMENTE MEJORES PRODUCTOS FINANCIEROS PARA TI.<\/h3>\t\t<\/div>\n\t\t\t\t<\/div>\n\t\t\t\t<div class=\"elementor-element elementor-element-7fb275e elementor-hidden-desktop elementor-hidden-tablet elementor-hidden-mobile elementor-widget elementor-widget-text-editor\" data-id=\"7fb275e\" data-element_type=\"widget\" data-widget_type=\"text-editor.default\">\n\t\t\t\t<div class=\"elementor-widget-container\">\n\t\t\t<style>\/*! elementor - v3.11.1 - 15-02-2023 *\/\n.elementor-widget-text-editor.elementor-drop-cap-view-stacked .elementor-drop-cap{background-color:#818a91;color:#fff}.elementor-widget-text-editor.elementor-drop-cap-view-framed .elementor-drop-cap{color:#818a91;border:3px solid;background-color:transparent}.elementor-widget-text-editor:not(.elementor-drop-cap-view-default) .elementor-drop-cap{margin-top:8px}.elementor-widget-text-editor:not(.elementor-drop-cap-view-default) .elementor-drop-cap-letter{width:1em;height:1em}.elementor-widget-text-editor .elementor-drop-cap{float:left;text-align:center;line-height:1;font-size:50px}.elementor-widget-text-editor .elementor-drop-cap-letter{display:inline-block}<\/style>\t\t\t\t<div class=\"md-up:text-0xl leading-1-5 lg-up:mb-5\"><p class=\"inline\">Porque sabemos que toda gran empresa empieza con una idea y con un emprendedor como t\u00fa, obt\u00e9n hasta $850,000 y consolida los primeros a\u00f1os de tu negocio.<\/p><ul><li><p class=\"mb-1\">Monto: $100,000 a $850,000.<\/p><\/li><li><p class=\"mb-1\">Plazo: 3 a 24 meses.<\/p><\/li><li><p class=\"mb-1\">Tiempo de aprobaci\u00f3n: 72H o menos desde cualquier dispositivo.<\/p><\/li><\/ul><\/div>\t\t\t\t\t\t<\/div>\n\t\t\t\t<\/div>\n\t\t\t\t<div class=\"elementor-element elementor-element-56b599d elementor-hidden-desktop elementor-hidden-tablet elementor-hidden-mobile elementor-widget elementor-widget-heading\" data-id=\"56b599d\" data-element_type=\"widget\" data-widget_type=\"heading.default\">\n\t\t\t\t<div class=\"elementor-widget-container\">\n\t\t\t<h5 class=\"elementor-heading-title elementor-size-default\">requisitos<\/h5>\t\t<\/div>\n\t\t\t\t<\/div>\n\t\t\t\t<div class=\"elementor-element elementor-element-b9fe69e elementor-hidden-desktop elementor-hidden-tablet elementor-hidden-mobile elementor-widget elementor-widget-text-editor\" data-id=\"b9fe69e\" data-element_type=\"widget\" data-widget_type=\"text-editor.default\">\n\t\t\t\t<div class=\"elementor-widget-container\">\n\t\t\t\t\t\t\t<p>Si cuentas con 3 meses facturando con tu emprendimiento, solicita tu Cr\u00e9dito con tu contrase\u00f1a SAT (CIEC) y RFC.<\/p><ul><li>ID OFICIAL<\/li><li>COMPROBANTE DE DOMICILIO<\/li><li>RFC<\/li><li>CIEC<\/li><\/ul>\t\t\t\t\t\t<\/div>\n\t\t\t\t<\/div>\n\t\t\t\t\t<\/div>\n\t\t<\/div>\n\t\t\t\t<div class=\"elementor-column elementor-col-50 elementor-top-column elementor-element elementor-element-7045273\" data-id=\"7045273\" data-element_type=\"column\" data-settings=\"{&quot;background_background&quot;:&quot;classic&quot;}\">\n\t\t\t<div class=\"elementor-widget-wrap elementor-element-populated\">\n\t\t\t\t\t<div class=\"elementor-background-overlay\"><\/div>\n\t\t\t\t\t\t\t\t<div class=\"elementor-element elementor-element-8d5132b elementor-widget elementor-widget-image\" data-id=\"8d5132b\" data-element_type=\"widget\" data-widget_type=\"image.default\">\n\t\t\t\t<div class=\"elementor-widget-container\">\n\t\t\t<style>\/*! elementor - v3.11.1 - 15-02-2023 *\/\n.elementor-widget-image{text-align:center}.elementor-widget-image a{display:inline-block}.elementor-widget-image a img[src$=\".svg\"]{width:48px}.elementor-widget-image img{vertical-align:middle;display:inline-block}<\/style>\t\t\t\t\t\t\t\t\t\t\t\t<img decoding=\"async\" width=\"1707\" height=\"2099\" src=\"https:\/\/acfsofom.mx\/wp-content\/uploads\/2022\/03\/pexels-tim-douglas-6205762-1-scaled-e1648591170782.jpg\" class=\"attachment-full size-full wp-image-1600\" alt=\"\" loading=\"lazy\" srcset=\"https:\/\/acfsofom.mx\/wp-content\/uploads\/2022\/03\/pexels-tim-douglas-6205762-1-scaled-e1648591170782.jpg 1707w, https:\/\/acfsofom.mx\/wp-content\/uploads\/2022\/03\/pexels-tim-douglas-6205762-1-scaled-e1648591170782-244x300.jpg 244w, https:\/\/acfsofom.mx\/wp-content\/uploads\/2022\/03\/pexels-tim-douglas-6205762-1-scaled-e1648591170782-833x1024.jpg 833w, https:\/\/acfsofom.mx\/wp-content\/uploads\/2022\/03\/pexels-tim-douglas-6205762-1-scaled-e1648591170782-768x944.jpg 768w, https:\/\/acfsofom.mx\/wp-content\/uploads\/2022\/03\/pexels-tim-douglas-6205762-1-scaled-e1648591170782-1249x1536.jpg 1249w, https:\/\/acfsofom.mx\/wp-content\/uploads\/2022\/03\/pexels-tim-douglas-6205762-1-scaled-e1648591170782-1666x2048.jpg 1666w\" sizes=\"(max-width: 1707px) 100vw, 1707px\" \/>\t\t\t\t\t\t\t\t\t\t\t\t\t\t\t<\/div>\n\t\t\t\t<\/div>\n\t\t\t\t\t<\/div>\n\t\t<\/div>\n\t\t\t\t\t\t\t<\/div>\n\t\t<\/section>\n\t\t\t\t<section class=\"elementor-section elementor-top-section elementor-element elementor-element-a1b8513 elementor-section-content-middle elementor-section-boxed elementor-section-height-default elementor-section-height-default\" data-id=\"a1b8513\" data-element_type=\"section\">\n\t\t\t\t\t\t<div class=\"elementor-container elementor-column-gap-no\">\n\t\t\t\t\t<div class=\"elementor-column elementor-col-50 elementor-top-column elementor-element elementor-element-c119ed7\" data-id=\"c119ed7\" data-element_type=\"column\" data-settings=\"{&quot;background_background&quot;:&quot;classic&quot;}\">\n\t\t\t<div class=\"elementor-widget-wrap elementor-element-populated\">\n\t\t\t\t\t<div class=\"elementor-background-overlay\"><\/div>\n\t\t\t\t\t\t\t\t<div class=\"elementor-element elementor-element-1609f50 elementor-widget elementor-widget-image\" data-id=\"1609f50\" data-element_type=\"widget\" data-widget_type=\"image.default\">\n\t\t\t\t<div class=\"elementor-widget-container\">\n\t\t\t\t\t\t\t\t\t\t\t\t\t\t\t<img decoding=\"async\" width=\"1707\" height=\"1811\" src=\"https:\/\/acfsofom.mx\/wp-content\/uploads\/2022\/03\/pexels-edmond-dante\u0300s-4342493-scaled-e1648591312625.jpg\" class=\"attachment-full size-full wp-image-1602\" alt=\"\" loading=\"lazy\" srcset=\"https:\/\/acfsofom.mx\/wp-content\/uploads\/2022\/03\/pexels-edmond-dante\u0300s-4342493-scaled-e1648591312625.jpg 1707w, https:\/\/acfsofom.mx\/wp-content\/uploads\/2022\/03\/pexels-edmond-dante\u0300s-4342493-scaled-e1648591312625-283x300.jpg 283w, https:\/\/acfsofom.mx\/wp-content\/uploads\/2022\/03\/pexels-edmond-dante\u0300s-4342493-scaled-e1648591312625-965x1024.jpg 965w, https:\/\/acfsofom.mx\/wp-content\/uploads\/2022\/03\/pexels-edmond-dante\u0300s-4342493-scaled-e1648591312625-768x815.jpg 768w, https:\/\/acfsofom.mx\/wp-content\/uploads\/2022\/03\/pexels-edmond-dante\u0300s-4342493-scaled-e1648591312625-1448x1536.jpg 1448w\" sizes=\"(max-width: 1707px) 100vw, 1707px\" \/>\t\t\t\t\t\t\t\t\t\t\t\t\t\t\t<\/div>\n\t\t\t\t<\/div>\n\t\t\t\t\t<\/div>\n\t\t<\/div>\n\t\t\t\t<div class=\"elementor-column elementor-col-50 elementor-top-column elementor-element elementor-element-6dd47bd\" data-id=\"6dd47bd\" data-element_type=\"column\">\n\t\t\t<div class=\"elementor-widget-wrap elementor-element-populated\">\n\t\t\t\t\t\t\t\t<div class=\"elementor-element elementor-element-1542a0e elementor-widget elementor-widget-heading\" data-id=\"1542a0e\" data-element_type=\"widget\" data-widget_type=\"heading.default\">\n\t\t\t\t<div class=\"elementor-widget-container\">\n\t\t\t<h3 class=\"elementor-heading-title elementor-size-default\">PR\u00d3XIMAMENTE MEJORES PRODUCTOS FINANCIEROS PARA TI.<\/h3>\t\t<\/div>\n\t\t\t\t<\/div>\n\t\t\t\t<div class=\"elementor-element elementor-element-6e5a356 elementor-hidden-desktop elementor-hidden-tablet elementor-hidden-mobile elementor-widget elementor-widget-text-editor\" data-id=\"6e5a356\" data-element_type=\"widget\" data-widget_type=\"text-editor.default\">\n\t\t\t\t<div class=\"elementor-widget-container\">\n\t\t\t\t\t\t\t<p>El financiamiento Pyme y para microempresas es perfecto para proyectos que requieren una r\u00e1pida respuesta. Este cr\u00e9dito puede ayudarte a afrontar o participar en una licitaci\u00f3n, adquirir maquinaria e insumos urgentes; o bien, comenzar la importaci\u00f3n y exportaci\u00f3n de productos.<\/p><ul><li><p class=\"mb-1\">Monto: $100,000 hasta $3,000,000.<\/p><\/li><li><p class=\"mb-1\">Plazo: T\u00fa eliges, de 6 a 24 meses.<\/p><\/li><li><p class=\"mb-1\">Tiempo de aprobaci\u00f3n: 72H o menos desde cualquier dispositivo.<\/p><\/li><\/ul>\t\t\t\t\t\t<\/div>\n\t\t\t\t<\/div>\n\t\t\t\t<div class=\"elementor-element elementor-element-0233c25 elementor-hidden-desktop elementor-hidden-tablet elementor-hidden-mobile elementor-widget elementor-widget-heading\" data-id=\"0233c25\" data-element_type=\"widget\" data-widget_type=\"heading.default\">\n\t\t\t\t<div class=\"elementor-widget-container\">\n\t\t\t<h5 class=\"elementor-heading-title elementor-size-default\">Requisitos<\/h5>\t\t<\/div>\n\t\t\t\t<\/div>\n\t\t\t\t<div class=\"elementor-element elementor-element-75e953c elementor-hidden-desktop elementor-hidden-tablet elementor-hidden-mobile elementor-widget elementor-widget-text-editor\" data-id=\"75e953c\" data-element_type=\"widget\" data-widget_type=\"text-editor.default\">\n\t\t\t\t<div class=\"elementor-widget-container\">\n\t\t\t\t\t\t\t<p>Si cuentas con 3 meses facturando con tu emprendimiento, solicita tu Cr\u00e9dito con tu contrase\u00f1a SAT (CIEC) y RFC.<\/p><ul><li>ID OFICIAL<\/li><li>COMPROBANTE DE DOMICILIO<\/li><li>RFC<\/li><li>CIEC<\/li><\/ul>\t\t\t\t\t\t<\/div>\n\t\t\t\t<\/div>\n\t\t\t\t\t<\/div>\n\t\t<\/div>\n\t\t\t\t\t\t\t<\/div>\n\t\t<\/section>\n\t\t\t\t<section class=\"elementor-section elementor-top-section elementor-element elementor-element-887b917 elementor-section-content-middle elementor-section-boxed elementor-section-height-default elementor-section-height-default\" data-id=\"887b917\" data-element_type=\"section\" data-settings=\"{&quot;background_background&quot;:&quot;classic&quot;}\">\n\t\t\t\t\t\t\t<div class=\"elementor-background-overlay\"><\/div>\n\t\t\t\t\t\t\t<div class=\"elementor-container elementor-column-gap-no\">\n\t\t\t\t\t<div class=\"elementor-column elementor-col-100 elementor-top-column elementor-element elementor-element-6fb2b62\" data-id=\"6fb2b62\" data-element_type=\"column\">\n\t\t\t<div class=\"elementor-widget-wrap elementor-element-populated\">\n\t\t\t\t\t\t\t\t<div class=\"elementor-element elementor-element-42dbdd4 elementor-hidden-desktop elementor-hidden-tablet elementor-hidden-mobile elementor-widget elementor-widget-heading\" data-id=\"42dbdd4\" data-element_type=\"widget\" data-widget_type=\"heading.default\">\n\t\t\t\t<div class=\"elementor-widget-container\">\n\t\t\t<h6 class=\"elementor-heading-title elementor-size-default\">Obt\u00e9n aprobaci\u00f3n en menos de 72h<\/h6>\t\t<\/div>\n\t\t\t\t<\/div>\n\t\t\t\t<div class=\"elementor-element elementor-element-6fd4f28 elementor-widget elementor-widget-heading\" data-id=\"6fd4f28\" data-element_type=\"widget\" data-widget_type=\"heading.default\">\n\t\t\t\t<div class=\"elementor-widget-container\">\n\t\t\t<h2 class=\"elementor-heading-title elementor-size-default\">Pronto podr\u00e1s aplicar para nuestros nuevos productos financieros.<\/h2>\t\t<\/div>\n\t\t\t\t<\/div>\n\t\t\t\t<div class=\"elementor-element elementor-element-1d0e8fb elementor-widget elementor-widget-wpforms\" data-id=\"1d0e8fb\" data-element_type=\"widget\" data-widget_type=\"wpforms.default\">\n\t\t\t\t<div class=\"elementor-widget-container\">\n\t\t\t<div class=\"wpforms-container \" id=\"wpforms-7\"><form id=\"wpforms-form-7\" class=\"wpforms-validate wpforms-form\" data-formid=\"7\" method=\"post\" enctype=\"multipart\/form-data\" action=\"\/index.php\/wp-json\/wp\/v2\/pages\/129\" data-token=\"2997acb8676653c1b24b386ccf56da87\"><noscript class=\"wpforms-error-noscript\">Por favor, activa JavaScript en tu navegador para completar este formulario.<\/noscript><div class=\"wpforms-field-container\"><div id=\"wpforms-7-field_0-container\" class=\"wpforms-field wpforms-field-name\" data-field-id=\"0\"><label class=\"wpforms-field-label wpforms-label-hide\" for=\"wpforms-7-field_0\">NOMBRE <span class=\"wpforms-required-label\">*<\/span><\/label><div class=\"wpforms-field-row wpforms-field-large\"><div class=\"wpforms-field-row-block wpforms-first wpforms-one-half\"><input type=\"text\" id=\"wpforms-7-field_0\" class=\"wpforms-field-name-first wpforms-field-required\" name=\"wpforms[fields][0][first]\" required><label for=\"wpforms-7-field_0\" class=\"wpforms-field-sublabel after \">Nombre<\/label><\/div><div class=\"wpforms-field-row-block wpforms-one-half\"><input type=\"text\" id=\"wpforms-7-field_0-last\" class=\"wpforms-field-name-last wpforms-field-required\" name=\"wpforms[fields][0][last]\" required><label for=\"wpforms-7-field_0-last\" class=\"wpforms-field-sublabel after \">Apellidos<\/label><\/div><\/div><\/div><div id=\"wpforms-7-field_1-container\" class=\"wpforms-field wpforms-field-email\" data-field-id=\"1\"><label class=\"wpforms-field-label wpforms-label-hide\" for=\"wpforms-7-field_1\">EMAIL <span class=\"wpforms-required-label\">*<\/span><\/label><input type=\"email\" id=\"wpforms-7-field_1\" class=\"wpforms-field-large wpforms-field-required\" name=\"wpforms[fields][1]\" placeholder=\"Email*\" required><\/div><div id=\"wpforms-7-field_3-container\" class=\"wpforms-field wpforms-field-number\" data-field-id=\"3\"><label class=\"wpforms-field-label wpforms-label-hide\" for=\"wpforms-7-field_3\">NUMERO DE TELEFONO <span class=\"wpforms-required-label\">*<\/span><\/label><input type=\"number\" pattern=\"\\d*\" id=\"wpforms-7-field_3\" class=\"wpforms-field-large wpforms-field-required\" name=\"wpforms[fields][3]\" placeholder=\"Numero de telefono*\" required><\/div><div id=\"wpforms-7-field_10-container\" class=\"wpforms-field wpforms-field-number\" data-field-id=\"10\"><label class=\"wpforms-field-label wpforms-label-hide\" for=\"wpforms-7-field_10\">PERSONA F\u00cdSICA O MORAL <span class=\"wpforms-required-label\">*<\/span><\/label><input type=\"number\" pattern=\"\\d*\" id=\"wpforms-7-field_10\" class=\"wpforms-field-large wpforms-field-required\" name=\"wpforms[fields][10]\" placeholder=\"Persona F\u00edsica\/moral*\" required><\/div><div id=\"wpforms-7-field_8-container\" class=\"wpforms-field wpforms-field-number\" data-field-id=\"8\"><label class=\"wpforms-field-label wpforms-label-hide\" for=\"wpforms-7-field_8\">RFC <span class=\"wpforms-required-label\">*<\/span><\/label><input type=\"number\" pattern=\"\\d*\" id=\"wpforms-7-field_8\" class=\"wpforms-field-large wpforms-field-required\" name=\"wpforms[fields][8]\" placeholder=\"RFC*\" required><\/div><div id=\"wpforms-7-field_9-container\" class=\"wpforms-field wpforms-field-number\" data-field-id=\"9\"><label class=\"wpforms-field-label wpforms-label-hide\" for=\"wpforms-7-field_9\">Facturaci\u00f3n Anual <span class=\"wpforms-required-label\">*<\/span><\/label><input type=\"number\" pattern=\"\\d*\" id=\"wpforms-7-field_9\" class=\"wpforms-field-large wpforms-field-required\" name=\"wpforms[fields][9]\" placeholder=\"FACTURACI\u00d3N ANUAL*\" required><\/div><\/div><div class=\"wpforms-field wpforms-field-hp\"><label for=\"wpforms-7-field-hp\" class=\"wpforms-field-label\">Name<\/label><input type=\"text\" name=\"wpforms[hp]\" id=\"wpforms-7-field-hp\" class=\"wpforms-field-medium\"><\/div><div class=\"wpforms-submit-container\"><input type=\"hidden\" name=\"wpforms[id]\" value=\"7\"><input type=\"hidden\" name=\"wpforms[author]\" value=\"1\"><button type=\"submit\" name=\"wpforms[submit]\" id=\"wpforms-submit-7\" class=\"wpforms-submit\" data-alt-text=\"ENVIANDO...\" data-submit-text=\"OBTEN TU CR\u00c9DITO\" aria-live=\"assertive\" value=\"wpforms-submit\">OBTEN TU CR\u00c9DITO<\/button><\/div><\/form><\/div>  <!-- .wpforms-container -->\t\t<\/div>\n\t\t\t\t<\/div>\n\t\t\t\t\t<\/div>\n\t\t<\/div>\n\t\t\t\t\t\t\t<\/div>\n\t\t<\/section>\n\t\t\t\t\t\t\t<\/div>\n\t\t","protected":false},"excerpt":{"rendered":"<p>Tenemos la soluci\u00f3n financiera para ti. SERVICIOS PR\u00d3XIMAMENTE MEJORES PRODUCTOS FINANCIEROS PARA TI. Porque sabemos que toda gran empresa empieza con una idea y con un emprendedor como t\u00fa, obt\u00e9n hasta $850,000 y consolida los primeros a\u00f1os de tu negocio. Monto: $100,000 a $850,000. Plazo: 3 a 24 meses. Tiempo de aprobaci\u00f3n: 72H o menos &hellip;<\/p>\n<p class=\"read-more\"> <a class=\"\" href=\"https:\/\/acfsofom.mx\/index.php\/services\/\"> <span class=\"screen-reader-text\">Services<\/span> Leer m\u00e1s &raquo;<\/a><\/p>\n","protected":false},"author":1,"featured_media":0,"parent":0,"menu_order":0,"comment_status":"closed","ping_status":"closed","template":"elementor_header_footer","meta":{"site-sidebar-layout":"default","site-content-layout":"page-builder","ast-main-header-display":"","ast-hfb-above-header-display":"","ast-hfb-below-header-display":"","ast-hfb-mobile-header-display":"","site-post-title":"disabled","ast-breadcrumbs-content":"","ast-featured-img":"disabled","footer-sml-layout":"","theme-transparent-header-meta":"enabled","adv-header-id-meta":"","stick-header-meta":"","header-above-stick-meta":"","header-main-stick-meta":"","header-below-stick-meta":""},"_links":{"self":[{"href":"https:\/\/acfsofom.mx\/index.php\/wp-json\/wp\/v2\/pages\/129"}],"collection":[{"href":"https:\/\/acfsofom.mx\/index.php\/wp-json\/wp\/v2\/pages"}],"about":[{"href":"https:\/\/acfsofom.mx\/index.php\/wp-json\/wp\/v2\/types\/page"}],"author":[{"embeddable":true,"href":"https:\/\/acfsofom.mx\/index.php\/wp-json\/wp\/v2\/users\/1"}],"replies":[{"embeddable":true,"href":"https:\/\/acfsofom.mx\/index.php\/wp-json\/wp\/v2\/comments?post=129"}],"version-history":[{"count":13,"href":"https:\/\/acfsofom.mx\/index.php\/wp-json\/wp\/v2\/pages\/129\/revisions"}],"predecessor-version":[{"id":1706,"href":"https:\/\/acfsofom.mx\/index.php\/wp-json\/wp\/v2\/pages\/129\/revisions\/1706"}],"wp:attachment":[{"href":"https:\/\/acfsofom.mx\/index.php\/wp-json\/wp\/v2\/media?parent=129"}],"curies":[{"name":"wp","href":"https:\/\/api.w.org\/{rel}","templated":true}]}}